{"id":311,"date":"2021-07-02T15:25:54","date_gmt":"2021-07-02T18:25:54","guid":{"rendered":"https:\/\/analits.com\/site-e-marketing-digital\/?page_id=311"},"modified":"2021-07-02T15:39:50","modified_gmt":"2021-07-02T18:39:50","slug":"politica-de-privacidade","status":"publish","type":"page","link":"https:\/\/analits.com\/site-e-marketing-digital\/politica-de-privacidade\/","title":{"rendered":"Politica de privacidade"},"content":{"rendered":"\t\t<div data-elementor-type=\"wp-page\" data-elementor-id=\"311\" class=\"elementor elementor-311\" data-elementor-settings=\"[]\">\n\t\t\t\t\t\t\t<div class=\"elementor-section-wrap\">\n\t\t\t\t\t\t\t<section class=\"elementor-section elementor-top-section elementor-element elementor-element-1a1101a elementor-section-boxed elementor-section-height-default elementor-section-height-default\" data-id=\"1a1101a\" data-element_type=\"section\" data-settings=\"{&quot;background_background&quot;:&quot;classic&quot;}\">\n\t\t\t\t\t\t<div class=\"elementor-container elementor-column-gap-default\">\n\t\t\t\t\t<div class=\"elementor-column elementor-col-100 elementor-top-column elementor-element elementor-element-c0b59bc\" data-id=\"c0b59bc\" data-element_type=\"column\">\n\t\t\t<div class=\"elementor-widget-wrap elementor-element-populated\">\n\t\t\t\t\t\t\t\t<div class=\"elementor-element elementor-element-d4e67bf elementor-widget elementor-widget-heading\" data-id=\"d4e67bf\" data-element_type=\"widget\" data-widget_type=\"heading.default\">\n\t\t\t\t<div class=\"elementor-widget-container\">\n\t\t\t<h2 class=\"elementor-heading-title elementor-size-default\">Politica de privacidade<\/h2>\t\t<\/div>\n\t\t\t\t<\/div>\n\t\t\t\t\t<\/div>\n\t\t<\/div>\n\t\t\t\t\t\t\t<\/div>\n\t\t<\/section>\n\t\t\t\t<section class=\"elementor-section elementor-top-section elementor-element elementor-element-31a1c9b elementor-section-boxed elementor-section-height-default elementor-section-height-default\" data-id=\"31a1c9b\" data-element_type=\"section\">\n\t\t\t\t\t\t<div class=\"elementor-container elementor-column-gap-default\">\n\t\t\t\t\t<div class=\"elementor-column elementor-col-100 elementor-top-column elementor-element elementor-element-a5ef372\" data-id=\"a5ef372\" data-element_type=\"column\">\n\t\t\t<div class=\"elementor-widget-wrap elementor-element-populated\">\n\t\t\t\t\t\t\t\t<div class=\"elementor-element elementor-element-2297a96 elementor-invisible elementor-widget elementor-widget-text-editor\" data-id=\"2297a96\" data-element_type=\"widget\" data-settings=\"{&quot;_animation&quot;:&quot;fadeInDown&quot;}\" data-widget_type=\"text-editor.default\">\n\t\t\t\t<div class=\"elementor-widget-container\">\n\t\t\t\t\t\t\t\t<p><strong>Sum\u00e1rio<\/strong><\/p><ul><li>Escopo e consentimento da Pol\u00edtica de Privacidade<\/li><li>Informa\u00e7\u00f5es que recebemos e armazenamos.<\/li><li>Uso da informa\u00e7\u00e3o<\/li><li>Compartilhamento da informa\u00e7\u00e3o<\/li><li>Controle do usu\u00e1rio<\/li><li>Atualiza\u00e7\u00f5es nesta pol\u00edtica<\/li><\/ul>\t\t\t\t\t\t<\/div>\n\t\t\t\t<\/div>\n\t\t\t\t\t<\/div>\n\t\t<\/div>\n\t\t\t\t\t\t\t<\/div>\n\t\t<\/section>\n\t\t\t\t<section class=\"elementor-section elementor-top-section elementor-element elementor-element-57ab147 elementor-section-boxed elementor-section-height-default elementor-section-height-default\" data-id=\"57ab147\" data-element_type=\"section\">\n\t\t\t\t\t\t<div class=\"elementor-container elementor-column-gap-default\">\n\t\t\t\t\t<div class=\"elementor-column elementor-col-100 elementor-top-column elementor-element elementor-element-47b7365\" data-id=\"47b7365\" data-element_type=\"column\">\n\t\t\t<div class=\"elementor-widget-wrap elementor-element-populated\">\n\t\t\t\t\t\t\t\t<div class=\"elementor-element elementor-element-acc7c37 elementor-invisible elementor-widget elementor-widget-toggle\" data-id=\"acc7c37\" data-element_type=\"widget\" data-settings=\"{&quot;_animation&quot;:&quot;fadeInDown&quot;}\" data-widget_type=\"toggle.default\">\n\t\t\t\t<div class=\"elementor-widget-container\">\n\t\t\t\t\t<div class=\"elementor-toggle\" role=\"tablist\">\n\t\t\t\t\t\t\t<div class=\"elementor-toggle-item\">\n\t\t\t\t\t<div id=\"elementor-tab-title-1811\" class=\"elementor-tab-title\" data-tab=\"1\" role=\"tab\" aria-controls=\"elementor-tab-content-1811\" aria-expanded=\"false\">\n\t\t\t\t\t\t\t\t\t\t\t\t<span class=\"elementor-toggle-icon elementor-toggle-icon-left\" aria-hidden=\"true\">\n\t\t\t\t\t\t\t\t\t\t\t\t\t\t\t<span class=\"elementor-toggle-icon-closed\"><i class=\"fas fa-caret-right\"><\/i><\/span>\n\t\t\t\t\t\t\t\t<span class=\"elementor-toggle-icon-opened\"><i class=\"elementor-toggle-icon-opened fas fa-caret-up\"><\/i><\/span>\n\t\t\t\t\t\t\t\t\t\t\t\t\t<\/span>\n\t\t\t\t\t\t\t\t\t\t\t\t<a href=\"\" class=\"elementor-toggle-title\">Escopo e consentimento da Pol\u00edtica de Privacidade<\/a>\n\t\t\t\t\t<\/div>\n\t\t\t\t\t<div id=\"elementor-tab-content-1811\" class=\"elementor-tab-content elementor-clearfix\" data-tab=\"1\" role=\"tabpanel\" aria-labelledby=\"elementor-tab-title-1811\"><p>N\u00f3s do Mub.ee, nos comprometemos com seus direitos de privacidade, assim o intuito deste documento \u00e9 esclarecer para os usu\u00e1rios de nossa plataforma como coletamos as informa\u00e7\u00f5es e as utilizamos em nossa plataforma, publicidade e servi\u00e7os.<\/p><p>Esta pol\u00edtica, descreve Mub.ee, como N\u00f3s ou Mub.ee, com rela\u00e7\u00e3o aos dados coletados atrav\u00e9s de nosso site www.Mub.ee, aplicativo, chat, e-mail ou qualquer outro canal de atendimento, denominados simplesmente \u201cSite\u201d, em que qualquer pessoa, denominado Usu\u00e1rio ou Voc\u00ea, podem registrar, criar uma conta, comprar produtos, visualizar empresas e realizar outras fun\u00e7\u00f5es, denominadas \u201cServi\u00e7os\u201d ou \u201cRecursos\u201d.<\/p><p>Esta pol\u00edtica se aplica aos dados de todos Usu\u00e1rios, dados pessoais ou obtidos atrav\u00e9s de sistemas, denominado como \u201cDados do Usu\u00e1rio\u201d.<\/p><p><strong>Aceite:<\/strong>\u00a0A utiliza\u00e7\u00e3o de quaisquer fun\u00e7\u00f5es de nosso Site significa que voc\u00ea leu, entendeu e consentiu com esta pol\u00edtica de privacidade e com os Termos e Condi\u00e7\u00f5es.<\/p><p>Voc\u00ea deve estar ciente que nosso Site poder\u00e1 contar links externos para outros sites de outras empresas, os quais possuem suas pr\u00f3prias pol\u00edticas de privacidade e termos de uso, que dever\u00e3o ser observados pelo Usu\u00e1rio antes da utiliza\u00e7\u00e3o, n\u00e3o cabendo a N\u00f3s responsabilidade por estes referidos sites de terceiros.<\/p><\/div>\n\t\t\t\t<\/div>\n\t\t\t\t\t\t\t<div class=\"elementor-toggle-item\">\n\t\t\t\t\t<div id=\"elementor-tab-title-1812\" class=\"elementor-tab-title\" data-tab=\"2\" role=\"tab\" aria-controls=\"elementor-tab-content-1812\" aria-expanded=\"false\">\n\t\t\t\t\t\t\t\t\t\t\t\t<span class=\"elementor-toggle-icon elementor-toggle-icon-left\" aria-hidden=\"true\">\n\t\t\t\t\t\t\t\t\t\t\t\t\t\t\t<span class=\"elementor-toggle-icon-closed\"><i class=\"fas fa-caret-right\"><\/i><\/span>\n\t\t\t\t\t\t\t\t<span class=\"elementor-toggle-icon-opened\"><i class=\"elementor-toggle-icon-opened fas fa-caret-up\"><\/i><\/span>\n\t\t\t\t\t\t\t\t\t\t\t\t\t<\/span>\n\t\t\t\t\t\t\t\t\t\t\t\t<a href=\"\" class=\"elementor-toggle-title\">Informa\u00e7\u00f5es que recebemos e armazenamos<\/a>\n\t\t\t\t\t<\/div>\n\t\t\t\t\t<div id=\"elementor-tab-content-1812\" class=\"elementor-tab-content elementor-clearfix\" data-tab=\"2\" role=\"tabpanel\" aria-labelledby=\"elementor-tab-title-1812\"><p>A utiliza\u00e7\u00e3o do Site e nossos servi\u00e7os implica no consentimento por parte do usu\u00e1rio para o recebimento, coleta, armazenamento, uso e compartilhamentos das informa\u00e7\u00f5es pessoais fornecidas e atualiza\u00e7\u00f5es, endere\u00e7o de IP, dados de tr\u00e1fego, informa\u00e7\u00f5es de an\u00fancios, informa\u00e7\u00f5es pessoais entre outros.<\/p><p>O Usu\u00e1rio autoriza a Mub.ee, preservar, armazenar, divulgar, publicar todos os an\u00fancios e conte\u00fados submetidos ao site, bem como dados pessoais e demais informa\u00e7\u00f5es fornecidas e coletadas.<\/p><p><strong>Informa\u00e7\u00f5es da Conta:<\/strong>\u00a0ao criar uma Conta em nosso site, n\u00f3s podemos solicitar informa\u00e7\u00f5es, como: nome, endere\u00e7o, telefone, e-mail, senha, g\u00eanero, interesses, fotos e informa\u00e7\u00f5es relacionadas. As informa\u00e7\u00f5es s\u00e3o requeridas para viabilizar e melhorar o Servi\u00e7o que prestamos aos Usu\u00e1rios.<\/p><p><strong>Disponibilidade das informa\u00e7\u00f5es:\u00a0<\/strong>Qualquer informa\u00e7\u00e3o que os Usu\u00e1rios disponibilizarem em perfis publicamente dispon\u00edveis \u00e9 de sua pr\u00f3pria responsabilidade. Por esse motivo, Voc\u00ea deve cuidadosamente considerar os riscos de fazer certas declara\u00e7\u00f5es ou publicar informa\u00e7\u00f5es pessoais &#8211; especialmente informa\u00e7\u00f5es como endere\u00e7o ou localiza\u00e7\u00e3o precisa. Um Usu\u00e1rio pode copiar\/fotografar suas mensagens e circular entre outros Usu\u00e1rios ou fora do Site. N\u00f3s n\u00e3o assumimos qualquer responsabilidade por mensagens ou atos de terceiros que ocorram em decorr\u00eancia da informa\u00e7\u00e3o que Voc\u00ea tornou publicamente dispon\u00edvel a terceiro ou que Voc\u00ea compartilhou com qualquer pessoa ou com outro Usu\u00e1rio.<\/p><p><strong>Publicidade e promo\u00e7\u00f5es:<\/strong>\u00a0podemos coletar e utilizar informa\u00e7\u00f5es adquiridas em promo\u00e7\u00f5es em redes sociais.<\/p><p><strong>Informa\u00e7\u00f5es de navega\u00e7\u00e3o:<\/strong>\u00a0N\u00f3s coletamos informa\u00e7\u00f5es de navega\u00e7\u00e3o no site atrav\u00e9s de \u2018cookies\u2019 do Google Analytics, estes s\u00e3o arquivos que ficam armazenados em seu web browser que fornecem informa\u00e7\u00f5es anonimamente sobre localiza\u00e7\u00e3o, endere\u00e7o de IP, tipo de navega\u00e7\u00e3o, dura\u00e7\u00e3o de visita, p\u00e1ginas visitadas entre outras informa\u00e7\u00f5es \u2013 alguns web browser do mercado oferecem ferramentas para voc\u00ea desabilitar a grava\u00e7\u00e3o de \u2018cookies\u2019.<\/p><p>N\u00f3s podemos coletar informa\u00e7\u00f5es por meio de tecnologias como tags, cookies, pixels entre outras, que poder\u00e3o ser utilizadas em nosso Site independente do cadastro do usu\u00e1rio. Tais tecnologias permitem a melhor presta\u00e7\u00e3o do Servi\u00e7o e an\u00e1lise dos dados dos Usu\u00e1rios. Alguns navegadores do mercado permitem ao Usu\u00e1rio algum tipo de controle sobre estes dados.<\/p><p>Demais coletas de informa\u00e7\u00f5es: N\u00f3s podemos coletar seus dados atrav\u00e9s de outros canais, como: canais de atendimento por e-mail, formul\u00e1rio de contato, redes sociais, telefone, mensagens trocadas entre usu\u00e1rio no Site etc. O Mub.ee visando a boa presta\u00e7\u00e3o do servi\u00e7o poder\u00e1 desenvolver novos sistemas para comunica\u00e7\u00e3o com os Usu\u00e1rios e coleta de dados. Para fazer valer nossos Termos e Condi\u00e7\u00f5es, incluindo o combate \u00e0 fraude e a quaisquer il\u00edcitos. O Mub.ee se reserva o direito de reter os Dados do Usu\u00e1rio e eventuais comunica\u00e7\u00f5es realizadas por mensagens pelo per\u00edodo que entender necess\u00e1rio para o bom cumprimento de seus neg\u00f3cios, mesmo ap\u00f3s exclus\u00e3o do an\u00fancio e\/ou encerramento da conta do Usu\u00e1rio, salvo manifesta\u00e7\u00e3o expressa do Usu\u00e1rio em sentido contr\u00e1rio, respeitado o per\u00edodo m\u00ednimo de guarda de dados imposto por lei.<\/p><\/div>\n\t\t\t\t<\/div>\n\t\t\t\t\t\t\t<div class=\"elementor-toggle-item\">\n\t\t\t\t\t<div id=\"elementor-tab-title-1813\" class=\"elementor-tab-title\" data-tab=\"3\" role=\"tab\" aria-controls=\"elementor-tab-content-1813\" aria-expanded=\"false\">\n\t\t\t\t\t\t\t\t\t\t\t\t<span class=\"elementor-toggle-icon elementor-toggle-icon-left\" aria-hidden=\"true\">\n\t\t\t\t\t\t\t\t\t\t\t\t\t\t\t<span class=\"elementor-toggle-icon-closed\"><i class=\"fas fa-caret-right\"><\/i><\/span>\n\t\t\t\t\t\t\t\t<span class=\"elementor-toggle-icon-opened\"><i class=\"elementor-toggle-icon-opened fas fa-caret-up\"><\/i><\/span>\n\t\t\t\t\t\t\t\t\t\t\t\t\t<\/span>\n\t\t\t\t\t\t\t\t\t\t\t\t<a href=\"\" class=\"elementor-toggle-title\">Uso da informa\u00e7\u00e3o<\/a>\n\t\t\t\t\t<\/div>\n\t\t\t\t\t<div id=\"elementor-tab-content-1813\" class=\"elementor-tab-content elementor-clearfix\" data-tab=\"3\" role=\"tabpanel\" aria-labelledby=\"elementor-tab-title-1813\"><p>Para prestar Nosso Servi\u00e7o N\u00f3s utilizamos as informa\u00e7\u00f5es coletadas e armazenadas, todos os Dados do Usu\u00e1rio, com proposito:<\/p><ul><li>Fornecer nossos servi\u00e7os, como cadastro de usu\u00e1rios, publica\u00e7\u00e3o de an\u00fancios e promo\u00e7\u00f5es de venda, resolver problemas t\u00e9cnicos, habilitar ou desabilitar fun\u00e7\u00f5es e quaisquer outras atividades desenvolvidas por N\u00f3s;<\/li><li>Acompanhar a atividade geral do site e individual do Usu\u00e1rio, levantando informa\u00e7\u00f5es para an\u00e1lise e avalia\u00e7\u00e3o dos Servi\u00e7os, tais como: palavras-chave, postagens, mensagens recebidas\/enviadas, tr\u00e1fego etc.;<\/li><li>Para entrar em contato com o Usu\u00e1rio, sobre assuntos dos Servi\u00e7os, atendimento ao cliente, pesquisa, comunica\u00e7\u00e3o de marketing, verifica\u00e7\u00e3o de conta e\/ou an\u00fancios, verifica\u00e7\u00e3o de irregularidade e demais notifica\u00e7\u00f5es que possam ser necess\u00e1rias;.<\/li><li>Respeitadas as disposi\u00e7\u00f5es legais aplic\u00e1veis, o Usu\u00e1rio autoriza o Mub.ee a informar e\/ou divulgar seus dados fornecidos e\/ ou coletados em caso de exig\u00eancia legal ou se razoavelmente necess\u00e1rio para: cumprir com o devido processo legal, fazer cumprir os Termos e Condi\u00e7\u00f5es, responder a alega\u00e7\u00f5es de suposta viola\u00e7\u00e3o de direitos de terceiros e de divulga\u00e7\u00e3o indevida de informa\u00e7\u00f5es para contato de terceiros e para proteger direitos, a propriedade ou a seguran\u00e7a de terceiros ou do pr\u00f3prio Mub.ee e de seus Usu\u00e1rios.<\/li><li>Em caso de den\u00fancia de condutas Suas em viola\u00e7\u00e3o ou com ind\u00edcios de viola\u00e7\u00e3o aos Termos e Condi\u00e7\u00f5es e \u00e0 legisla\u00e7\u00e3o, os Usu\u00e1rios do Site poder\u00e3o voluntariamente e por op\u00e7\u00e3o pr\u00f3pria dele, divulgar referida comunica\u00e7\u00e3o ao Mub.ee para verifica\u00e7\u00f5es e provid\u00eancias.<\/li><\/ul><p>O Usu\u00e1rio declara estar ciente que o Mub.ee n\u00e3o assume nenhuma responsabilidade em caso de roubo, perda, altera\u00e7\u00e3o ou uso indevido de suas informa\u00e7\u00f5es pessoais e dos conte\u00fados disponibilizados no Site.<\/p><\/div>\n\t\t\t\t<\/div>\n\t\t\t\t\t\t\t<div class=\"elementor-toggle-item\">\n\t\t\t\t\t<div id=\"elementor-tab-title-1814\" class=\"elementor-tab-title\" data-tab=\"4\" role=\"tab\" aria-controls=\"elementor-tab-content-1814\" aria-expanded=\"false\">\n\t\t\t\t\t\t\t\t\t\t\t\t<span class=\"elementor-toggle-icon elementor-toggle-icon-left\" aria-hidden=\"true\">\n\t\t\t\t\t\t\t\t\t\t\t\t\t\t\t<span class=\"elementor-toggle-icon-closed\"><i class=\"fas fa-caret-right\"><\/i><\/span>\n\t\t\t\t\t\t\t\t<span class=\"elementor-toggle-icon-opened\"><i class=\"elementor-toggle-icon-opened fas fa-caret-up\"><\/i><\/span>\n\t\t\t\t\t\t\t\t\t\t\t\t\t<\/span>\n\t\t\t\t\t\t\t\t\t\t\t\t<a href=\"\" class=\"elementor-toggle-title\">Compartilhamento da informa\u00e7\u00e3o<\/a>\n\t\t\t\t\t<\/div>\n\t\t\t\t\t<div id=\"elementor-tab-content-1814\" class=\"elementor-tab-content elementor-clearfix\" data-tab=\"4\" role=\"tabpanel\" aria-labelledby=\"elementor-tab-title-1814\"><p>O Usu\u00e1rio concorda expressamente que os Dados do Usu\u00e1rios poder\u00e3o ser total ou parcialmente cedidas, vendidas ou transferidas a terceiros, visando atender aos interesses da empresa Mub.ee, ou no caso de existir obrigatoriedade legal para isto.<\/p><p>Publicidade, promo\u00e7\u00f5es e disponibilidade de Dados do Usu\u00e1rio: O usu\u00e1rio reconhece e concorda que podemos compartilhar, divulgar, publicar, utilizar, transmitir seus an\u00fancios e demais informa\u00e7\u00f5es por ele fornecidas no Site, Dados do Usu\u00e1rio, com objetivo de prestar nossos servi\u00e7os e melhorar continuamente o Mub.ee, atrav\u00e9s de campanhas publicitarias, promo\u00e7\u00f5es, publica\u00e7\u00e3o e exibi\u00e7\u00e3o nas redes sociais, canais de divulga\u00e7\u00e3o online e offiline, pagos ou gratuitos a nosso crit\u00e9rio. N\u00f3s podemos utilizar terceiros prestadores de servi\u00e7o para nos ajudar a oferecer Recursos para nosso Site, estes poder\u00e3o ter acesso aos Dados do Usu\u00e1rio.<\/p><\/div>\n\t\t\t\t<\/div>\n\t\t\t\t\t\t\t<div class=\"elementor-toggle-item\">\n\t\t\t\t\t<div id=\"elementor-tab-title-1815\" class=\"elementor-tab-title\" data-tab=\"5\" role=\"tab\" aria-controls=\"elementor-tab-content-1815\" aria-expanded=\"false\">\n\t\t\t\t\t\t\t\t\t\t\t\t<span class=\"elementor-toggle-icon elementor-toggle-icon-left\" aria-hidden=\"true\">\n\t\t\t\t\t\t\t\t\t\t\t\t\t\t\t<span class=\"elementor-toggle-icon-closed\"><i class=\"fas fa-caret-right\"><\/i><\/span>\n\t\t\t\t\t\t\t\t<span class=\"elementor-toggle-icon-opened\"><i class=\"elementor-toggle-icon-opened fas fa-caret-up\"><\/i><\/span>\n\t\t\t\t\t\t\t\t\t\t\t\t\t<\/span>\n\t\t\t\t\t\t\t\t\t\t\t\t<a href=\"\" class=\"elementor-toggle-title\">Controle do usu\u00e1rio<\/a>\n\t\t\t\t\t<\/div>\n\t\t\t\t\t<div id=\"elementor-tab-content-1815\" class=\"elementor-tab-content elementor-clearfix\" data-tab=\"5\" role=\"tabpanel\" aria-labelledby=\"elementor-tab-title-1815\"><p>Inclus\u00e3o, altera\u00e7\u00e3o exclus\u00e3o de informa\u00e7\u00f5es: Voc\u00ea pode acessar a \u00e1rea do menu denominada \u201cMinha Conta\u201d e atrav\u00e9s de seu login e senha \u00e9 poss\u00edvel realizar a inclus\u00e3o, altera\u00e7\u00e3o e\/ou exclus\u00e3o de qualquer informa\u00e7\u00e3o inserida por voc\u00ea em sua conta, Voc\u00ea \u00e9 respons\u00e1vel por manter tais informa\u00e7\u00f5es atualizadas.<\/p><p>A inclus\u00e3o, altera\u00e7\u00e3o ou exclus\u00e3o de informa\u00e7\u00f5es do Usu\u00e1rio dever\u00e1 ser realizado acessando sua Conta no Site, n\u00e3o ser\u00e3o acatadas solicita\u00e7\u00f5es por e-mail, telefone, ou quaisquer outros meios, observado que \u00e9 somente atrav\u00e9s do acesso a conta no Site que usu\u00e1rio se identifica com sua senha pessoal e intrasfer\u00edvel.<\/p><p><strong>Cookies:<\/strong>\u00a0Os navegadores de computador e dispositivos m\u00f3veis, em sua maioria, oferecem recursos para que Voc\u00ea limite, desabilite ou bloqueie os cookies em seu sistema, ressaltamos que isto pode provocar a piora de algumas funcionalidades do Site.<\/p><p><strong>Seguran\u00e7a:<\/strong>\u00a0Toda informa\u00e7\u00e3o que N\u00f3s coletamos \u00e9 protegida por meios t\u00e9cnicos e procedimentos de seguran\u00e7a razo\u00e1veis no intuito de evitar acessos ou uso dos dados de forma n\u00e3o autorizada.<\/p><\/div>\n\t\t\t\t<\/div>\n\t\t\t\t\t\t\t<div class=\"elementor-toggle-item\">\n\t\t\t\t\t<div id=\"elementor-tab-title-1816\" class=\"elementor-tab-title\" data-tab=\"6\" role=\"tab\" aria-controls=\"elementor-tab-content-1816\" aria-expanded=\"false\">\n\t\t\t\t\t\t\t\t\t\t\t\t<span class=\"elementor-toggle-icon elementor-toggle-icon-left\" aria-hidden=\"true\">\n\t\t\t\t\t\t\t\t\t\t\t\t\t\t\t<span class=\"elementor-toggle-icon-closed\"><i class=\"fas fa-caret-right\"><\/i><\/span>\n\t\t\t\t\t\t\t\t<span class=\"elementor-toggle-icon-opened\"><i class=\"elementor-toggle-icon-opened fas fa-caret-up\"><\/i><\/span>\n\t\t\t\t\t\t\t\t\t\t\t\t\t<\/span>\n\t\t\t\t\t\t\t\t\t\t\t\t<a href=\"\" class=\"elementor-toggle-title\">Atualiza\u00e7\u00f5es nesta pol\u00edtica<\/a>\n\t\t\t\t\t<\/div>\n\t\t\t\t\t<div id=\"elementor-tab-content-1816\" class=\"elementor-tab-content elementor-clearfix\" data-tab=\"6\" role=\"tabpanel\" aria-labelledby=\"elementor-tab-title-1816\"><p>As informa\u00e7\u00f5es sobre altera\u00e7\u00f5es em nossa Pol\u00edtica de Privacidade ser\u00e3o disponibilizadas nesta p\u00e1gina, onde sugerimos o acesso para manter-se atualizado em caso de altera\u00e7\u00f5es.<\/p><p>Se voc\u00ea possui alguma d\u00favida ou coment\u00e1rio sobre nossa pol\u00edtica de privacidade por favor entre em contato.<\/p><p>Qualquer d\u00favida ou perguntas sobre nossa pol\u00edtica de privacidade podem ser enviadas para nossa equipe de atendimento para o contato@analits.com.<\/p><\/div>\n\t\t\t\t<\/div>\n\t\t\t\t\t\t\t\t<\/div>\n\t\t\t\t<\/div>\n\t\t\t\t<\/div>\n\t\t\t\t\t<\/div>\n\t\t<\/div>\n\t\t\t\t\t\t\t<\/div>\n\t\t<\/section>\n\t\t\t\t\t\t<\/div>\n\t\t\t\t\t<\/div>\n\t\t","protected":false},"excerpt":{"rendered":"<p>Sum\u00e1rio Escopo e consentimento da Pol\u00edtica de Privacidade Informa\u00e7\u00f5es que recebemos e armazenamos. Uso da informa\u00e7\u00e3o Compartilhamento da informa\u00e7\u00e3o Controle [&hellip;]<\/p>\n","protected":false},"author":1,"featured_media":0,"parent":0,"menu_order":0,"comment_status":"closed","ping_status":"closed","template":"elementor_header_footer","meta":{"footnotes":""},"class_list":["post-311","page","type-page","status-publish","hentry"],"yoast_head":"<!-- This site is optimized with the Yoast SEO plugin v16.6.1 - https:\/\/yoast.com\/wordpress\/plugins\/seo\/ -->\n<title>Politica de privacidade - Analits<\/title>\n<meta name=\"robots\" content=\"index, follow, max-snippet:-1, max-image-preview:large, max-video-preview:-1\" \/>\n<link rel=\"canonical\" href=\"https:\/\/analits.com\/site-e-marketing-digital\/politica-de-privacidade\/\" \/>\n<meta property=\"og:locale\" content=\"pt_BR\" \/>\n<meta property=\"og:type\" content=\"article\" \/>\n<meta property=\"og:title\" content=\"Politica de privacidade - Analits\" \/>\n<meta property=\"og:description\" content=\"Sum\u00e1rio Escopo e consentimento da Pol\u00edtica de Privacidade Informa\u00e7\u00f5es que recebemos e armazenamos. Uso da informa\u00e7\u00e3o Compartilhamento da informa\u00e7\u00e3o Controle [&hellip;]\" \/>\n<meta property=\"og:url\" content=\"https:\/\/analits.com\/site-e-marketing-digital\/politica-de-privacidade\/\" \/>\n<meta property=\"og:site_name\" content=\"Analits\" \/>\n<meta property=\"article:modified_time\" content=\"2021-07-02T18:39:50+00:00\" \/>\n<meta name=\"twitter:card\" content=\"summary_large_image\" \/>\n<meta name=\"twitter:label1\" content=\"Est. tempo de leitura\" \/>\n\t<meta name=\"twitter:data1\" content=\"6 minutos\" \/>\n<script type=\"application\/ld+json\" class=\"yoast-schema-graph\">{\"@context\":\"https:\/\/schema.org\",\"@graph\":[{\"@type\":\"WebSite\",\"@id\":\"https:\/\/analits.com\/site-e-marketing-digital\/#website\",\"url\":\"https:\/\/analits.com\/site-e-marketing-digital\/\",\"name\":\"Analits\",\"description\":\"Site e marketing digital\",\"potentialAction\":[{\"@type\":\"SearchAction\",\"target\":{\"@type\":\"EntryPoint\",\"urlTemplate\":\"https:\/\/analits.com\/site-e-marketing-digital\/?s={search_term_string}\"},\"query-input\":\"required name=search_term_string\"}],\"inLanguage\":\"pt-BR\"},{\"@type\":\"WebPage\",\"@id\":\"https:\/\/analits.com\/site-e-marketing-digital\/politica-de-privacidade\/#webpage\",\"url\":\"https:\/\/analits.com\/site-e-marketing-digital\/politica-de-privacidade\/\",\"name\":\"Politica de privacidade - Analits\",\"isPartOf\":{\"@id\":\"https:\/\/analits.com\/site-e-marketing-digital\/#website\"},\"datePublished\":\"2021-07-02T18:25:54+00:00\",\"dateModified\":\"2021-07-02T18:39:50+00:00\",\"breadcrumb\":{\"@id\":\"https:\/\/analits.com\/site-e-marketing-digital\/politica-de-privacidade\/#breadcrumb\"},\"inLanguage\":\"pt-BR\",\"potentialAction\":[{\"@type\":\"ReadAction\",\"target\":[\"https:\/\/analits.com\/site-e-marketing-digital\/politica-de-privacidade\/\"]}]},{\"@type\":\"BreadcrumbList\",\"@id\":\"https:\/\/analits.com\/site-e-marketing-digital\/politica-de-privacidade\/#breadcrumb\",\"itemListElement\":[{\"@type\":\"ListItem\",\"position\":1,\"name\":\"In\\u00edcio\",\"item\":\"https:\/\/analits.com\/site-e-marketing-digital\/\"},{\"@type\":\"ListItem\",\"position\":2,\"name\":\"Politica de privacidade\"}]}]}<\/script>\n<!-- \/ Yoast SEO plugin. -->","_links":{"self":[{"href":"https:\/\/analits.com\/site-e-marketing-digital\/wp-json\/wp\/v2\/pages\/311","targetHints":{"allow":["GET"]}}],"collection":[{"href":"https:\/\/analits.com\/site-e-marketing-digital\/wp-json\/wp\/v2\/pages"}],"about":[{"href":"https:\/\/analits.com\/site-e-marketing-digital\/wp-json\/wp\/v2\/types\/page"}],"author":[{"embeddable":true,"href":"https:\/\/analits.com\/site-e-marketing-digital\/wp-json\/wp\/v2\/users\/1"}],"replies":[{"embeddable":true,"href":"https:\/\/analits.com\/site-e-marketing-digital\/wp-json\/wp\/v2\/comments?post=311"}],"version-history":[{"count":25,"href":"https:\/\/analits.com\/site-e-marketing-digital\/wp-json\/wp\/v2\/pages\/311\/revisions"}],"predecessor-version":[{"id":337,"href":"https:\/\/analits.com\/site-e-marketing-digital\/wp-json\/wp\/v2\/pages\/311\/revisions\/337"}],"wp:attachment":[{"href":"https:\/\/analits.com\/site-e-marketing-digital\/wp-json\/wp\/v2\/media?parent=311"}],"curies":[{"name":"wp","href":"https:\/\/api.w.org\/{rel}","templated":true}]}}